{"id":3723,"date":"2023-12-25T07:39:34","date_gmt":"2023-12-25T07:39:34","guid":{"rendered":"https:\/\/wgl-demo.net\/motto\/cart\/"},"modified":"2025-07-23T16:12:37","modified_gmt":"2025-07-23T15:12:37","slug":"cart","status":"publish","type":"page","link":"https:\/\/aswellstudio.com\/en\/cart\/","title":{"rendered":"Cart"},"content":{"rendered":"<div data-block-name=\"woocommerce\/cart\" class=\"wp-block-woocommerce-cart alignwide is-loading\">\n<div data-block-name=\"woocommerce\/filled-cart-block\" class=\"wp-block-woocommerce-filled-cart-block\">\n<div data-block-name=\"woocommerce\/cart-items-block\" class=\"wp-block-woocommerce-cart-items-block\">\n<div data-block-name=\"woocommerce\/cart-line-items-block\" class=\"wp-block-woocommerce-cart-line-items-block\"><\/div>\n\n\n\n<div data-block-name=\"woocommerce\/cart-cross-sells-block\" class=\"wp-block-woocommerce-cart-cross-sells-block\">\n<h2 class=\"wp-block-heading has-large-font-size\">You may be interested in\u2026<\/h2>\n\n\n\n<div data-block-name=\"woocommerce\/cart-cross-sells-products-block\" class=\"wp-block-woocommerce-cart-cross-sells-products-block\"><\/div>\n<\/div>\n<\/div>\n\n\n\n<div data-block-name=\"woocommerce\/cart-totals-block\" class=\"wp-block-woocommerce-cart-totals-block\">\n<div data-block-name=\"woocommerce\/cart-order-summary-block\" class=\"wp-block-woocommerce-cart-order-summary-block\">\n<div data-block-name=\"woocommerce\/cart-order-summary-heading-block\" class=\"wp-block-woocommerce-cart-order-summary-heading-block\"><\/div><div data-block-name=\"woocommerce\/cart-order-summary-coupon-form-block\" class=\"wp-block-woocommerce-cart-order-summary-coupon-form-block\"><\/div><div data-block-name=\"woocommerce\/cart-order-summary-totals-block\" class=\"wp-block-woocommerce-cart-order-summary-totals-block\">\n<div data-block-name=\"woocommerce\/cart-order-summary-subtotal-block\" class=\"wp-block-woocommerce-cart-order-summary-subtotal-block\"><\/div>\n<div data-block-name=\"woocommerce\/cart-order-summary-discount-block\" class=\"wp-block-woocommerce-cart-order-summary-discount-block\"><\/div>\n<div data-block-name=\"woocommerce\/cart-order-summary-fee-block\" class=\"wp-block-woocommerce-cart-order-summary-fee-block\"><\/div>\n<div data-block-name=\"woocommerce\/cart-order-summary-shipping-block\" class=\"wp-block-woocommerce-cart-order-summary-shipping-block\"><\/div>\n<div data-block-name=\"woocommerce\/cart-order-summary-taxes-block\" class=\"wp-block-woocommerce-cart-order-summary-taxes-block\"><\/div><\/div>\n<\/div>\n\n\n\n<div data-block-name=\"woocommerce\/cart-express-payment-block\" class=\"wp-block-woocommerce-cart-express-payment-block\"><\/div>\n\n\n\n<div data-block-name=\"woocommerce\/proceed-to-checkout-block\" class=\"wp-block-woocommerce-proceed-to-checkout-block\"><\/div>\n\n\n\n<div data-block-name=\"woocommerce\/cart-accepted-payment-methods-block\" class=\"wp-block-woocommerce-cart-accepted-payment-methods-block\"><\/div>\n<\/div>\n<\/div>\n\n\n\n<div data-block-name=\"woocommerce\/empty-cart-block\" class=\"wp-block-woocommerce-empty-cart-block\">\n<h2 class=\"wp-block-heading has-text-align-center\" style=\"text-transform:capitalize\">Your cart is currently empty!<\/h2>\n\n\n\n<div style=\"height:29px\" aria-hidden=\"true\" class=\"wp-block-spacer\"><\/div>\n\n\n\n<p class=\"has-text-align-center wgl-block-button wgl-circle has-medium-font-size\"><a class=\"wgl-button\" href=\"https:\/\/aswellstudio.com\/en\/shop\/\" data-type=\"page\" data-id=\"16\">(BROWSE STORE)<\/a><\/p>\n\n\n\n<div style=\"height:29px\" aria-hidden=\"true\" class=\"wp-block-spacer\"><\/div>\n\n\n\n<h4 class=\"wp-block-heading has-text-align-left\" style=\"text-transform:capitalize\">New in store<\/h4>\n\n\n\n<div style=\"height:29px\" aria-hidden=\"true\" class=\"wp-block-spacer\"><\/div>\n\n\n<div data-block-name=\"woocommerce\/product-new\" data-columns=\"4\" data-rows=\"1\" class=\"wc-block-grid wp-block-product-new wp-block-woocommerce-product-new wc-block-product-new has-4-columns\"><ul class=\"wc-block-grid__products\"><li class=\"wc-block-grid__product product-type-simple\">\r\n\t\t\t\t<div class=\"wgl-block-grid_product_inner_wrapper\">\r\n                    <a href=\"https:\/\/aswellstudio.com\/en\/product\/pack-start-site-cle-en-main\/\" class=\"wc-block-grid__product-link\">\r\n                        \r\n                        <div class=\"wc-block-grid__product-image\"><img fetchpriority=\"high\" decoding=\"async\" width=\"540\" height=\"540\" src=\"https:\/\/aswellstudio.com\/wp-content\/uploads\/2025\/06\/site-vitrine-540x540.png\" class=\"attachment-woocommerce_thumbnail size-woocommerce_thumbnail\" alt=\"Pack START \u00ab\u202fSite Cl\u00e9 en Main\u202f\u00bb\" srcset=\"https:\/\/aswellstudio.com\/wp-content\/uploads\/2025\/06\/site-vitrine-540x540.png 540w, https:\/\/aswellstudio.com\/wp-content\/uploads\/2025\/06\/site-vitrine-240x240.png 240w, https:\/\/aswellstudio.com\/wp-content\/uploads\/2025\/06\/site-vitrine-300x300.png 300w, https:\/\/aswellstudio.com\/wp-content\/uploads\/2025\/06\/site-vitrine-1024x1024.png 1024w, https:\/\/aswellstudio.com\/wp-content\/uploads\/2025\/06\/site-vitrine-150x150.png 150w, https:\/\/aswellstudio.com\/wp-content\/uploads\/2025\/06\/site-vitrine-768x768.png 768w, https:\/\/aswellstudio.com\/wp-content\/uploads\/2025\/06\/site-vitrine-600x600.png 600w, https:\/\/aswellstudio.com\/wp-content\/uploads\/2025\/06\/site-vitrine-96x96.png 96w, https:\/\/aswellstudio.com\/wp-content\/uploads\/2025\/06\/site-vitrine.png 1080w\" sizes=\"(max-width: 540px) 100vw, 540px\" \/><\/div>\r\n                    <\/a>\r\n                    <div class=\"wgl-block-grid_product_content\">\r\n                        \r\n                        <div class=\"wc-block-grid__product-title\"><a href=\"https:\/\/aswellstudio.com\/en\/product\/pack-start-site-cle-en-main\/\" class=\"wc-block-grid__product-title_link\">START Pack \"Turnkey Website\"<\/a><\/div>\r\n                        <div class=\"wc-block-grid__product-price price\"><span class=\"woocommerce-Price-amount amount\">1,500.000<span class=\"woocommerce-Price-currencySymbol\">&#x62f;.&#x62a;<\/span><\/span><\/div>\r\n                        <div class=\"wgl_woo_button_wrapper\"><div class=\"wp-block-button wc-block-grid__product-add-to-cart\"><a href=\"\/en\/wp-json\/wp\/v2\/pages\/3723?add-to-cart=4052\" aria-label=\"Add to cart: \u201cPack START \u00ab\u202fSite Cl\u00e9 en Main\u202f\u00bb\u201d\" data-quantity=\"1\" data-product_id=\"4052\" data-product_sku=\"SWV-01-3\" data-price=\"1500\" rel=\"nofollow\" class=\"wp-block-button__link  add_to_cart_button ajax_add_to_cart\" data-no-translation=\"\" data-trp-gettext=\"\" data-no-translation-aria-label=\"\">Add to cart<\/a><\/div><\/div>\r\n                    <\/div>\r\n\t\t\t\t<\/div>\r\n\t\t\t<\/li><li class=\"wc-block-grid__product product-type-simple\">\r\n\t\t\t\t<div class=\"wgl-block-grid_product_inner_wrapper\">\r\n                    <a href=\"https:\/\/aswellstudio.com\/en\/product\/pack-e-commerce\/\" class=\"wc-block-grid__product-link\">\r\n                        \r\n                        <div class=\"wc-block-grid__product-image\"><img decoding=\"async\" width=\"540\" height=\"540\" src=\"https:\/\/aswellstudio.com\/wp-content\/uploads\/2025\/06\/site-e-commerce-540x540.png\" class=\"attachment-woocommerce_thumbnail size-woocommerce_thumbnail\" alt=\"Pack \u00ab\u202fE-commerce\u202f\u00bb\" srcset=\"https:\/\/aswellstudio.com\/wp-content\/uploads\/2025\/06\/site-e-commerce-540x540.png 540w, https:\/\/aswellstudio.com\/wp-content\/uploads\/2025\/06\/site-e-commerce-240x240.png 240w, https:\/\/aswellstudio.com\/wp-content\/uploads\/2025\/06\/site-e-commerce-300x300.png 300w, https:\/\/aswellstudio.com\/wp-content\/uploads\/2025\/06\/site-e-commerce-1024x1024.png 1024w, https:\/\/aswellstudio.com\/wp-content\/uploads\/2025\/06\/site-e-commerce-150x150.png 150w, https:\/\/aswellstudio.com\/wp-content\/uploads\/2025\/06\/site-e-commerce-768x768.png 768w, https:\/\/aswellstudio.com\/wp-content\/uploads\/2025\/06\/site-e-commerce-600x600.png 600w, https:\/\/aswellstudio.com\/wp-content\/uploads\/2025\/06\/site-e-commerce-96x96.png 96w, https:\/\/aswellstudio.com\/wp-content\/uploads\/2025\/06\/site-e-commerce.png 1080w\" sizes=\"(max-width: 540px) 100vw, 540px\" \/><\/div>\r\n                    <\/a>\r\n                    <div class=\"wgl-block-grid_product_content\">\r\n                        \r\n                        <div class=\"wc-block-grid__product-title\"><a href=\"https:\/\/aswellstudio.com\/en\/product\/pack-e-commerce\/\" class=\"wc-block-grid__product-title_link\">\"E-commerce\" Pack<\/a><\/div>\r\n                        <div class=\"wc-block-grid__product-price price\"><span class=\"woocommerce-Price-amount amount\">5,700.000<span class=\"woocommerce-Price-currencySymbol\">&#x62f;.&#x62a;<\/span><\/span><\/div>\r\n                        <div class=\"wgl_woo_button_wrapper\"><div class=\"wp-block-button wc-block-grid__product-add-to-cart\"><a href=\"\/en\/wp-json\/wp\/v2\/pages\/3723?add-to-cart=4050\" aria-label=\"Add to cart: \u201cPack \u00ab\u202fE-commerce\u202f\u00bb\u201d\" data-quantity=\"1\" data-product_id=\"4050\" data-product_sku=\"SWV-02-2\" data-price=\"5700\" rel=\"nofollow\" class=\"wp-block-button__link  add_to_cart_button ajax_add_to_cart\" data-no-translation=\"\" data-trp-gettext=\"\" data-no-translation-aria-label=\"\">Add to cart<\/a><\/div><\/div>\r\n                    <\/div>\r\n\t\t\t\t<\/div>\r\n\t\t\t<\/li><li class=\"wc-block-grid__product product-type-simple\">\r\n\t\t\t\t<div class=\"wgl-block-grid_product_inner_wrapper\">\r\n                    <a href=\"https:\/\/aswellstudio.com\/en\/product\/pack-societe-service\/\" class=\"wc-block-grid__product-link\">\r\n                        \r\n                        <div class=\"wc-block-grid__product-image\"><img decoding=\"async\" width=\"540\" height=\"540\" src=\"https:\/\/aswellstudio.com\/wp-content\/uploads\/2025\/06\/site-societe-services-540x540.jpg\" class=\"attachment-woocommerce_thumbnail size-woocommerce_thumbnail\" alt=\"Pack \u00ab\u202fSoci\u00e9t\u00e9 de Services\u202f\u00bb\" srcset=\"https:\/\/aswellstudio.com\/wp-content\/uploads\/2025\/06\/site-societe-services-540x540.jpg 540w, https:\/\/aswellstudio.com\/wp-content\/uploads\/2025\/06\/site-societe-services-240x240.jpg 240w, https:\/\/aswellstudio.com\/wp-content\/uploads\/2025\/06\/site-societe-services-300x300.jpg 300w, https:\/\/aswellstudio.com\/wp-content\/uploads\/2025\/06\/site-societe-services-1024x1024.jpg 1024w, https:\/\/aswellstudio.com\/wp-content\/uploads\/2025\/06\/site-societe-services-150x150.jpg 150w, https:\/\/aswellstudio.com\/wp-content\/uploads\/2025\/06\/site-societe-services-768x768.jpg 768w, https:\/\/aswellstudio.com\/wp-content\/uploads\/2025\/06\/site-societe-services-600x600.jpg 600w, https:\/\/aswellstudio.com\/wp-content\/uploads\/2025\/06\/site-societe-services-96x96.jpg 96w, https:\/\/aswellstudio.com\/wp-content\/uploads\/2025\/06\/site-societe-services-e1754931259977.jpg 900w\" sizes=\"(max-width: 540px) 100vw, 540px\" \/><\/div>\r\n                    <\/a>\r\n                    <div class=\"wgl-block-grid_product_content\">\r\n                        \r\n                        <div class=\"wc-block-grid__product-title\"><a href=\"https:\/\/aswellstudio.com\/en\/product\/pack-societe-service\/\" class=\"wc-block-grid__product-title_link\">\"Service Company\" Pack<\/a><\/div>\r\n                        <div class=\"wc-block-grid__product-price price\"><span class=\"woocommerce-Price-amount amount\">4,950.000<span class=\"woocommerce-Price-currencySymbol\">&#x62f;.&#x62a;<\/span><\/span><\/div>\r\n                        <div class=\"wgl_woo_button_wrapper\"><div class=\"wp-block-button wc-block-grid__product-add-to-cart\"><a href=\"\/en\/wp-json\/wp\/v2\/pages\/3723?add-to-cart=4047\" aria-label=\"Add to cart: \u201cPack \u00ab\u202fSoci\u00e9t\u00e9 de Services\u202f\u00bb\u201d\" data-quantity=\"1\" data-product_id=\"4047\" data-product_sku=\"SWV-01\" data-price=\"4950\" rel=\"nofollow\" class=\"wp-block-button__link  add_to_cart_button ajax_add_to_cart\" data-no-translation=\"\" data-trp-gettext=\"\" data-no-translation-aria-label=\"\">Add to cart<\/a><\/div><\/div>\r\n                    <\/div>\r\n\t\t\t\t<\/div>\r\n\t\t\t<\/li><\/ul><\/div><\/div>\n<\/div>","protected":false},"excerpt":{"rendered":"","protected":false},"author":1,"featured_media":0,"parent":0,"menu_order":0,"comment_status":"closed","ping_status":"closed","template":"","meta":{"footnotes":""},"class_list":["post-3723","page","type-page","status-publish","hentry"],"yoast_head":"<!-- This site is optimized with the Yoast SEO Premium plugin v24.5 (Yoast SEO v25.7) - https:\/\/yoast.com\/wordpress\/plugins\/seo\/ -->\n<title>Cart - Aswell Studio<\/title>\n<meta name=\"description\" content=\"Consultez les articles ajout\u00e9s \u00e0 votre panier avant de finaliser votre commande sur AswellStudio. Simple, rapide et s\u00e9curis\u00e9.\" \/>\n<meta name=\"robots\" content=\"index, follow, max-snippet:-1, max-image-preview:large, max-video-preview:-1\" \/>\n<link rel=\"canonical\" href=\"https:\/\/aswellstudio.com\/en\/cart\/\" \/>\n<meta property=\"og:locale\" content=\"en_US\" \/>\n<meta property=\"og:type\" content=\"article\" \/>\n<meta property=\"og:title\" content=\"Cart\" \/>\n<meta property=\"og:description\" content=\"Consultez les articles ajout\u00e9s \u00e0 votre panier avant de finaliser votre commande sur AswellStudio. Simple, rapide et s\u00e9curis\u00e9.\" \/>\n<meta property=\"og:url\" content=\"https:\/\/aswellstudio.com\/en\/cart\/\" \/>\n<meta property=\"og:site_name\" content=\"Aswell Studio\" \/>\n<meta property=\"article:publisher\" content=\"https:\/\/www.facebook.com\/aswellstudio\" \/>\n<meta property=\"article:modified_time\" content=\"2025-07-23T15:12:37+00:00\" \/>\n<meta property=\"og:image\" content=\"https:\/\/aswellstudio.com\/wp-content\/uploads\/2025\/06\/Logo-Aswell-studio.png\" \/>\n\t<meta property=\"og:image:width\" content=\"1564\" \/>\n\t<meta property=\"og:image:height\" content=\"1564\" \/>\n\t<meta property=\"og:image:type\" content=\"image\/png\" \/>\n<meta name=\"twitter:card\" content=\"summary_large_image\" \/>\n<meta name=\"twitter:label1\" content=\"Est. reading time\" \/>\n\t<meta name=\"twitter:data1\" content=\"1 minute\" \/>\n<script type=\"application\/ld+json\" class=\"yoast-schema-graph\">{\"@context\":\"https:\/\/schema.org\",\"@graph\":[{\"@type\":\"WebPage\",\"@id\":\"https:\/\/aswellstudio.com\/cart\/\",\"url\":\"https:\/\/aswellstudio.com\/cart\/\",\"name\":\"Cart - Aswell Studio\",\"isPartOf\":{\"@id\":\"https:\/\/aswellstudio.com\/#website\"},\"datePublished\":\"2023-12-25T07:39:34+00:00\",\"dateModified\":\"2025-07-23T15:12:37+00:00\",\"description\":\"Consultez les articles ajout\u00e9s \u00e0 votre panier avant de finaliser votre commande sur AswellStudio. Simple, rapide et s\u00e9curis\u00e9.\",\"breadcrumb\":{\"@id\":\"https:\/\/aswellstudio.com\/cart\/#breadcrumb\"},\"inLanguage\":\"en-US\",\"potentialAction\":[{\"@type\":\"ReadAction\",\"target\":[\"https:\/\/aswellstudio.com\/cart\/\"]}]},{\"@type\":\"BreadcrumbList\",\"@id\":\"https:\/\/aswellstudio.com\/cart\/#breadcrumb\",\"itemListElement\":[{\"@type\":\"ListItem\",\"position\":1,\"name\":\"Home\",\"item\":\"https:\/\/aswellstudio.com\/\"},{\"@type\":\"ListItem\",\"position\":2,\"name\":\"Cart\"}]},{\"@type\":\"WebSite\",\"@id\":\"https:\/\/aswellstudio.com\/#website\",\"url\":\"https:\/\/aswellstudio.com\/\",\"name\":\"Aswell Studio\",\"description\":\"Agence Digitale en Tunisie\",\"publisher\":{\"@id\":\"https:\/\/aswellstudio.com\/#organization\"},\"potentialAction\":[{\"@type\":\"SearchAction\",\"target\":{\"@type\":\"EntryPoint\",\"urlTemplate\":\"https:\/\/aswellstudio.com\/?s={search_term_string}\"},\"query-input\":{\"@type\":\"PropertyValueSpecification\",\"valueRequired\":true,\"valueName\":\"search_term_string\"}}],\"inLanguage\":\"en-US\"},{\"@type\":\"Organization\",\"@id\":\"https:\/\/aswellstudio.com\/#organization\",\"name\":\"Aswell Studio\",\"url\":\"https:\/\/aswellstudio.com\/\",\"logo\":{\"@type\":\"ImageObject\",\"inLanguage\":\"en-US\",\"@id\":\"https:\/\/aswellstudio.com\/#\/schema\/logo\/image\/\",\"url\":\"https:\/\/aswellstudio.com\/wp-content\/uploads\/2025\/06\/Logo-Aswell-studio.png\",\"contentUrl\":\"https:\/\/aswellstudio.com\/wp-content\/uploads\/2025\/06\/Logo-Aswell-studio.png\",\"width\":1564,\"height\":1564,\"caption\":\"Aswell Studio\"},\"image\":{\"@id\":\"https:\/\/aswellstudio.com\/#\/schema\/logo\/image\/\"},\"sameAs\":[\"https:\/\/www.facebook.com\/aswellstudio\",\"https:\/\/www.instagram.com\/aswellstudio\/\",\"https:\/\/www.tiktok.com\/@aswellstudio\",\"https:\/\/www.youtube.com\/@Aswellstudio\",\"https:\/\/www.linkedin.com\/company\/aswellstudio\/\",\"https:\/\/fr.pinterest.com\/AswellStudio\/\"],\"description\":\"Notre agence est une entreprise cr\u00e9ative ax\u00e9e sur la technologie, sp\u00e9cialis\u00e9e dans la fourniture d\u2019une large gamme de services de design graphique, d\u00e9veloppement web et mobile \u00e0 ses clients.\",\"email\":\"contact@aswellstudio.com\",\"telephone\":\"(+216) 52 294 141\",\"legalName\":\"AS WELL STUDIO\",\"foundingDate\":\"2024-10-28\",\"vatID\":\"1893489M\/A\/M\/000\",\"numberOfEmployees\":{\"@type\":\"QuantitativeValue\",\"minValue\":\"1\",\"maxValue\":\"10\"}}]}<\/script>\n<!-- \/ Yoast SEO Premium plugin. -->","yoast_head_json":{"title":"Cart - Aswell Studio","description":"Consultez les articles ajout\u00e9s \u00e0 votre panier avant de finaliser votre commande sur AswellStudio. Simple, rapide et s\u00e9curis\u00e9.","robots":{"index":"index","follow":"follow","max-snippet":"max-snippet:-1","max-image-preview":"max-image-preview:large","max-video-preview":"max-video-preview:-1"},"canonical":"https:\/\/aswellstudio.com\/en\/cart\/","og_locale":"en_US","og_type":"article","og_title":"Cart","og_description":"Consultez les articles ajout\u00e9s \u00e0 votre panier avant de finaliser votre commande sur AswellStudio. Simple, rapide et s\u00e9curis\u00e9.","og_url":"https:\/\/aswellstudio.com\/en\/cart\/","og_site_name":"Aswell Studio","article_publisher":"https:\/\/www.facebook.com\/aswellstudio","article_modified_time":"2025-07-23T15:12:37+00:00","og_image":[{"width":1564,"height":1564,"url":"https:\/\/aswellstudio.com\/wp-content\/uploads\/2025\/06\/Logo-Aswell-studio.png","type":"image\/png"}],"twitter_card":"summary_large_image","twitter_misc":{"Est. reading time":"1 minute"},"schema":{"@context":"https:\/\/schema.org","@graph":[{"@type":"WebPage","@id":"https:\/\/aswellstudio.com\/cart\/","url":"https:\/\/aswellstudio.com\/cart\/","name":"Cart - Aswell Studio","isPartOf":{"@id":"https:\/\/aswellstudio.com\/#website"},"datePublished":"2023-12-25T07:39:34+00:00","dateModified":"2025-07-23T15:12:37+00:00","description":"Consultez les articles ajout\u00e9s \u00e0 votre panier avant de finaliser votre commande sur AswellStudio. Simple, rapide et s\u00e9curis\u00e9.","breadcrumb":{"@id":"https:\/\/aswellstudio.com\/cart\/#breadcrumb"},"inLanguage":"en-US","potentialAction":[{"@type":"ReadAction","target":["https:\/\/aswellstudio.com\/cart\/"]}]},{"@type":"BreadcrumbList","@id":"https:\/\/aswellstudio.com\/cart\/#breadcrumb","itemListElement":[{"@type":"ListItem","position":1,"name":"Home","item":"https:\/\/aswellstudio.com\/"},{"@type":"ListItem","position":2,"name":"Cart"}]},{"@type":"WebSite","@id":"https:\/\/aswellstudio.com\/#website","url":"https:\/\/aswellstudio.com\/","name":"Aswell Studio","description":"Agence Digitale en Tunisie","publisher":{"@id":"https:\/\/aswellstudio.com\/#organization"},"potentialAction":[{"@type":"SearchAction","target":{"@type":"EntryPoint","urlTemplate":"https:\/\/aswellstudio.com\/?s={search_term_string}"},"query-input":{"@type":"PropertyValueSpecification","valueRequired":true,"valueName":"search_term_string"}}],"inLanguage":"en-US"},{"@type":"Organization","@id":"https:\/\/aswellstudio.com\/#organization","name":"Aswell Studio","url":"https:\/\/aswellstudio.com\/","logo":{"@type":"ImageObject","inLanguage":"en-US","@id":"https:\/\/aswellstudio.com\/#\/schema\/logo\/image\/","url":"https:\/\/aswellstudio.com\/wp-content\/uploads\/2025\/06\/Logo-Aswell-studio.png","contentUrl":"https:\/\/aswellstudio.com\/wp-content\/uploads\/2025\/06\/Logo-Aswell-studio.png","width":1564,"height":1564,"caption":"Aswell Studio"},"image":{"@id":"https:\/\/aswellstudio.com\/#\/schema\/logo\/image\/"},"sameAs":["https:\/\/www.facebook.com\/aswellstudio","https:\/\/www.instagram.com\/aswellstudio\/","https:\/\/www.tiktok.com\/@aswellstudio","https:\/\/www.youtube.com\/@Aswellstudio","https:\/\/www.linkedin.com\/company\/aswellstudio\/","https:\/\/fr.pinterest.com\/AswellStudio\/"],"description":"Our agency is a technology-driven creative company specializing in providing a wide range of graphic design, web, and mobile development services to its clients.","email":"contact@aswellstudio.com","telephone":"(+216) 52 294 141","legalName":"AS WELL STUDIO","foundingDate":"2024-10-28","vatID":"1893489M\/A\/M\/000","numberOfEmployees":{"@type":"QuantitativeValue","minValue":"1","maxValue":"10"}}]}},"_links":{"self":[{"href":"https:\/\/aswellstudio.com\/en\/wp-json\/wp\/v2\/pages\/3723","targetHints":{"allow":["GET"]}}],"collection":[{"href":"https:\/\/aswellstudio.com\/en\/wp-json\/wp\/v2\/pages"}],"about":[{"href":"https:\/\/aswellstudio.com\/en\/wp-json\/wp\/v2\/types\/page"}],"author":[{"embeddable":true,"href":"https:\/\/aswellstudio.com\/en\/wp-json\/wp\/v2\/users\/1"}],"replies":[{"embeddable":true,"href":"https:\/\/aswellstudio.com\/en\/wp-json\/wp\/v2\/comments?post=3723"}],"version-history":[{"count":0,"href":"https:\/\/aswellstudio.com\/en\/wp-json\/wp\/v2\/pages\/3723\/revisions"}],"wp:attachment":[{"href":"https:\/\/aswellstudio.com\/en\/wp-json\/wp\/v2\/media?parent=3723"}],"curies":[{"name":"wp","href":"https:\/\/api.w.org\/{rel}","templated":true}]}}