{"id":78,"date":"2023-12-25T11:58:08","date_gmt":"2023-12-25T11:58:08","guid":{"rendered":"https:\/\/wgl-demo.net\/motto\/?page_id=78"},"modified":"2025-07-23T16:14:24","modified_gmt":"2025-07-23T15:14:24","slug":"contacts","status":"publish","type":"page","link":"https:\/\/aswellstudio.com\/en\/contacts\/","title":{"rendered":"Contacts"},"content":{"rendered":"<div data-elementor-type=\"wp-page\" data-elementor-id=\"78\" class=\"elementor elementor-78\">\n\t\t\t\t<div class=\"elementor-element elementor-element-11804ae e-flex e-con-boxed e-con e-parent\" data-id=\"11804ae\" data-element_type=\"container\">\n\t\t\t\t\t<div class=\"e-con-inner\">\n\t\t\t\t<div class=\"elementor-element elementor-element-0981362 elementor-widget elementor-widget-spacer\" data-id=\"0981362\" data-element_type=\"widget\" data-widget_type=\"spacer.default\">\n\t\t\t\t<div class=\"elementor-widget-container\">\n\t\t\t\t\t\t\t<div class=\"elementor-spacer\">\n\t\t\t<div class=\"elementor-spacer-inner\"><\/div>\n\t\t<\/div>\n\t\t\t\t\t\t<\/div>\n\t\t\t\t<\/div>\n\t\t<div class=\"elementor-element elementor-element-806d978 e-flex e-con-boxed e-con e-child\" data-id=\"806d978\" data-element_type=\"container\">\n\t\t\t\t\t<div class=\"e-con-inner\">\n\t\t<div class=\"elementor-element elementor-element-5e6b53a e-con-full e-flex e-con e-child\" data-id=\"5e6b53a\" data-element_type=\"container\">\n\t\t\t\t<div class=\"elementor-element elementor-element-1814ea2 aleft elementor-widget elementor-widget-wgl-double-heading\" data-id=\"1814ea2\" data-element_type=\"widget\" data-widget_type=\"wgl-double-heading.default\">\n\t\t\t\t<div class=\"elementor-widget-container\">\n\t\t\t\t\t<div class=\"wgl-double-heading\"><h5 class=\"dblh__subtitle\">OUR CONTACTS<\/h5><h3 class=\"dblh__title-wrapper\"><span class=\"dblh__title dblh__title-1\">Get in Touch \nwith Us<\/span><\/h3><\/div>\t\t\t\t<\/div>\n\t\t\t\t<\/div>\n\t\t\t\t<\/div>\n\t\t<div class=\"elementor-element elementor-element-164f336 e-con-full e-flex e-con e-child\" data-id=\"164f336\" data-element_type=\"container\">\n\t\t\t\t<div class=\"elementor-element elementor-element-d5a766d elementor-widget elementor-widget-spacer\" data-id=\"d5a766d\" data-element_type=\"widget\" data-widget_type=\"spacer.default\">\n\t\t\t\t<div class=\"elementor-widget-container\">\n\t\t\t\t\t\t\t<div class=\"elementor-spacer\">\n\t\t\t<div class=\"elementor-spacer-inner\"><\/div>\n\t\t<\/div>\n\t\t\t\t\t\t<\/div>\n\t\t\t\t<\/div>\n\t\t<div class=\"elementor-element elementor-element-034b92c e-flex e-con-boxed e-con e-child\" data-id=\"034b92c\" data-element_type=\"container\">\n\t\t\t\t\t<div class=\"e-con-inner\">\n\t\t<div class=\"elementor-element elementor-element-fa1370b e-con-full e-flex e-con e-child\" data-id=\"fa1370b\" data-element_type=\"container\">\n\t\t\t\t<div class=\"elementor-element elementor-element-7dd6e7c elementor-widget elementor-widget-text-editor\" data-id=\"7dd6e7c\" data-element_type=\"widget\" data-widget_type=\"text-editor.default\">\n\t\t\t\t<div class=\"elementor-widget-container\">\n\t\t\t\t\t\t\t\t\t<p><span class=\"theme-header-font\">Address<\/span><\/p>\t\t\t\t\t\t\t\t<\/div>\n\t\t\t\t<\/div>\n\t\t\t\t<\/div>\n\t\t<div class=\"elementor-element elementor-element-2095753 e-con-full e-flex e-con e-child\" data-id=\"2095753\" data-element_type=\"container\">\n\t\t\t\t<div class=\"elementor-element elementor-element-da5dbab elementor-widget elementor-widget-text-editor\" data-id=\"da5dbab\" data-element_type=\"widget\" data-widget_type=\"text-editor.default\">\n\t\t\t\t<div class=\"elementor-widget-container\">\n\t\t\t\t\t\t\t\t\t<p><span>Building Palace A3-71, Tunis, Tunisia<\/span><\/p>\t\t\t\t\t\t\t\t<\/div>\n\t\t\t\t<\/div>\n\t\t\t\t<\/div>\n\t\t\t\t\t<\/div>\n\t\t\t\t<\/div>\n\t\t<div class=\"elementor-element elementor-element-202ecd1 e-flex e-con-boxed e-con e-child\" data-id=\"202ecd1\" data-element_type=\"container\">\n\t\t\t\t\t<div class=\"e-con-inner\">\n\t\t<div class=\"elementor-element elementor-element-4d35cce e-con-full e-flex e-con e-child\" data-id=\"4d35cce\" data-element_type=\"container\">\n\t\t\t\t<div class=\"elementor-element elementor-element-f9ce692 elementor-widget elementor-widget-text-editor\" data-id=\"f9ce692\" data-element_type=\"widget\" data-widget_type=\"text-editor.default\">\n\t\t\t\t<div class=\"elementor-widget-container\">\n\t\t\t\t\t\t\t\t\t<p><span class=\"theme-header-font\">Phone<\/span><\/p>\t\t\t\t\t\t\t\t<\/div>\n\t\t\t\t<\/div>\n\t\t\t\t<\/div>\n\t\t<div class=\"elementor-element elementor-element-60b947a e-con-full e-flex e-con e-child\" data-id=\"60b947a\" data-element_type=\"container\">\n\t\t\t\t<div class=\"elementor-element elementor-element-914f641 elementor-widget elementor-widget-text-editor\" data-id=\"914f641\" data-element_type=\"widget\" data-widget_type=\"text-editor.default\">\n\t\t\t\t<div class=\"elementor-widget-container\">\n\t\t\t\t\t\t\t\t\t<p><span>(+216) 52 294 141<\/span><\/p>\t\t\t\t\t\t\t\t<\/div>\n\t\t\t\t<\/div>\n\t\t\t\t<\/div>\n\t\t\t\t\t<\/div>\n\t\t\t\t<\/div>\n\t\t<div class=\"elementor-element elementor-element-37f3c89 e-flex e-con-boxed e-con e-child\" data-id=\"37f3c89\" data-element_type=\"container\">\n\t\t\t\t\t<div class=\"e-con-inner\">\n\t\t<div class=\"elementor-element elementor-element-c4ca0fb e-con-full e-flex e-con e-child\" data-id=\"c4ca0fb\" data-element_type=\"container\">\n\t\t\t\t<div class=\"elementor-element elementor-element-71f7290 elementor-widget elementor-widget-text-editor\" data-id=\"71f7290\" data-element_type=\"widget\" data-widget_type=\"text-editor.default\">\n\t\t\t\t<div class=\"elementor-widget-container\">\n\t\t\t\t\t\t\t\t\t<p><span class=\"theme-header-font\">Working Hours<\/span><\/p>\t\t\t\t\t\t\t\t<\/div>\n\t\t\t\t<\/div>\n\t\t\t\t<\/div>\n\t\t<div class=\"elementor-element elementor-element-f7f8248 e-con-full e-flex e-con e-child\" data-id=\"f7f8248\" data-element_type=\"container\">\n\t\t\t\t<div class=\"elementor-element elementor-element-406c2b8 elementor-widget elementor-widget-text-editor\" data-id=\"406c2b8\" data-element_type=\"widget\" data-widget_type=\"text-editor.default\">\n\t\t\t\t<div class=\"elementor-widget-container\">\n\t\t\t\t\t\t\t\t\t<p><span class=\"theme-header-font\">Monday \u2013 Friday: 8:00 AM \u2013 6:00 PM<\/span><\/p>\t\t\t\t\t\t\t\t<\/div>\n\t\t\t\t<\/div>\n\t\t\t\t<\/div>\n\t\t\t\t\t<\/div>\n\t\t\t\t<\/div>\n\t\t<div class=\"elementor-element elementor-element-904a651 e-flex e-con-boxed e-con e-child\" data-id=\"904a651\" data-element_type=\"container\">\n\t\t\t\t\t<div class=\"e-con-inner\">\n\t\t<div class=\"elementor-element elementor-element-ee64e65 e-con-full e-flex e-con e-child\" data-id=\"ee64e65\" data-element_type=\"container\">\n\t\t\t\t<div class=\"elementor-element elementor-element-a5db17a aleft elementor-widget elementor-widget-wgl-button\" data-id=\"a5db17a\" data-element_type=\"widget\" data-widget_type=\"wgl-button.default\">\n\t\t\t\t<div class=\"elementor-widget-container\">\n\t\t\t\t\t<a class=\"wgl-button btn-size-xl\" role=\"button\" href=\"https:\/\/fr.pinterest.com\/AswellStudio\/\"><div class=\"button__content\"><span class=\"button__text\">pinterest<\/span><\/div><\/a>\t\t\t\t<\/div>\n\t\t\t\t<\/div>\n\t\t\t\t<div class=\"elementor-element elementor-element-6b0ee84 aleft elementor-widget elementor-widget-wgl-button\" data-id=\"6b0ee84\" data-element_type=\"widget\" data-widget_type=\"wgl-button.default\">\n\t\t\t\t<div class=\"elementor-widget-container\">\n\t\t\t\t\t<a class=\"wgl-button btn-size-xl\" role=\"button\" href=\"https:\/\/www.linkedin.com\/company\/aswellstudio\/\"><div class=\"button__content\"><span class=\"button__text\">linkedin<\/span><\/div><\/a>\t\t\t\t<\/div>\n\t\t\t\t<\/div>\n\t\t\t\t<div class=\"elementor-element elementor-element-5fe7952 aleft elementor-widget elementor-widget-wgl-button\" data-id=\"5fe7952\" data-element_type=\"widget\" data-widget_type=\"wgl-button.default\">\n\t\t\t\t<div class=\"elementor-widget-container\">\n\t\t\t\t\t<a class=\"wgl-button btn-size-xl\" role=\"button\" href=\"https:\/\/www.youtube.com\/@Aswellstudio\"><div class=\"button__content\"><span class=\"button__text\">youtube<\/span><\/div><\/a>\t\t\t\t<\/div>\n\t\t\t\t<\/div>\n\t\t\t\t<div class=\"elementor-element elementor-element-173ce44 aleft elementor-widget elementor-widget-wgl-button\" data-id=\"173ce44\" data-element_type=\"widget\" data-widget_type=\"wgl-button.default\">\n\t\t\t\t<div class=\"elementor-widget-container\">\n\t\t\t\t\t<a class=\"wgl-button btn-size-xl\" role=\"button\" href=\"https:\/\/www.tiktok.com\/@aswellstudio\"><div class=\"button__content\"><span class=\"button__text\">tiktok<\/span><\/div><\/a>\t\t\t\t<\/div>\n\t\t\t\t<\/div>\n\t\t\t\t<div class=\"elementor-element elementor-element-438c441 aleft elementor-widget elementor-widget-wgl-button\" data-id=\"438c441\" data-element_type=\"widget\" data-widget_type=\"wgl-button.default\">\n\t\t\t\t<div class=\"elementor-widget-container\">\n\t\t\t\t\t<a class=\"wgl-button btn-size-xl\" role=\"button\" href=\"https:\/\/www.facebook.com\/aswellstudio\"><div class=\"button__content\"><span class=\"button__text\">facebook<\/span><\/div><\/a>\t\t\t\t<\/div>\n\t\t\t\t<\/div>\n\t\t\t\t<div class=\"elementor-element elementor-element-031d16a aleft elementor-widget elementor-widget-wgl-button\" data-id=\"031d16a\" data-element_type=\"widget\" data-widget_type=\"wgl-button.default\">\n\t\t\t\t<div class=\"elementor-widget-container\">\n\t\t\t\t\t<a class=\"wgl-button btn-size-xl\" role=\"button\" href=\"https:\/\/www.instagram.com\/aswellstudio\/\"><div class=\"button__content\"><span class=\"button__text\">instagram<\/span><\/div><\/a>\t\t\t\t<\/div>\n\t\t\t\t<\/div>\n\t\t\t\t<\/div>\n\t\t\t\t\t<\/div>\n\t\t\t\t<\/div>\n\t\t\t\t<\/div>\n\t\t\t\t\t<\/div>\n\t\t\t\t<\/div>\n\t\t\t\t\t<\/div>\n\t\t\t\t<\/div>\n\t\t<div class=\"elementor-element elementor-element-b746eab e-flex e-con-boxed e-con e-parent\" data-id=\"b746eab\" data-element_type=\"container\">\n\t\t\t\t\t<div class=\"e-con-inner\">\n\t\t\t\t<div class=\"elementor-element elementor-element-0f3a86a elementor-widget elementor-widget-spacer\" data-id=\"0f3a86a\" data-element_type=\"widget\" data-widget_type=\"spacer.default\">\n\t\t\t\t<div class=\"elementor-widget-container\">\n\t\t\t\t\t\t\t<div class=\"elementor-spacer\">\n\t\t\t<div class=\"elementor-spacer-inner\"><\/div>\n\t\t<\/div>\n\t\t\t\t\t\t<\/div>\n\t\t\t\t<\/div>\n\t\t<div class=\"elementor-element elementor-element-b9f9a7f e-flex e-con-boxed e-con e-child\" data-id=\"b9f9a7f\" data-element_type=\"container\">\n\t\t\t\t\t<div class=\"e-con-inner\">\n\t\t\t\t<div class=\"elementor-element elementor-element-e0005ab acenter visibility-always elementor-widget elementor-widget-wgl-text-editor\" data-id=\"e0005ab\" data-element_type=\"widget\" data-widget_type=\"wgl-text-editor.default\">\n\t\t\t\t<div class=\"elementor-widget-container\">\n\t\t\t\t\t<div class=\"wgl-text-editor mask_effect\"><h3 class=\"text-editor_wrapper\"><a href=\"mailto:contact@aswellstudio.com\" target=\"_blank\">For any questions about this policy or your personal data:<\/a><\/h3><div class=\"text-editor_wrapper text-editor_wrapper-clone\"><a href=\"mailto:contact@aswellstudio.com\" target=\"_blank\">For any questions about this policy or your personal data:<\/a><\/div><\/div>\t\t\t\t<\/div>\n\t\t\t\t<\/div>\n\t\t\t\t\t<\/div>\n\t\t\t\t<\/div>\n\t\t\t\t<div class=\"elementor-element elementor-element-7c3ae39 elementor-widget elementor-widget-spacer\" data-id=\"7c3ae39\" data-element_type=\"widget\" data-widget_type=\"spacer.default\">\n\t\t\t\t<div class=\"elementor-widget-container\">\n\t\t\t\t\t\t\t<div class=\"elementor-spacer\">\n\t\t\t<div class=\"elementor-spacer-inner\"><\/div>\n\t\t<\/div>\n\t\t\t\t\t\t<\/div>\n\t\t\t\t<\/div>\n\t\t\t\t\t<\/div>\n\t\t\t\t<\/div>\n\t\t<div class=\"elementor-element elementor-element-b668dbc e-con-full e-flex e-con e-parent\" data-id=\"b668dbc\" data-element_type=\"container\">\n\t\t\t\t<div class=\"elementor-element elementor-element-bf4ecea elementor-widget elementor-widget-google_maps\" data-id=\"bf4ecea\" data-element_type=\"widget\" data-widget_type=\"google_maps.default\">\n\t\t\t\t<div class=\"elementor-widget-container\">\n\t\t\t\t\t\t\t<div class=\"elementor-custom-embed\">\n\t\t\t<iframe loading=\"lazy\"\n\t\t\t\t\tsrc=\"https:\/\/maps.google.com\/maps?q=Immeuble%20Le%20Palace%20A3-71%2C%20Tunis%2C%20Tunisia&#038;t=m&#038;z=10&#038;output=embed&#038;iwloc=near\"\n\t\t\t\t\ttitle=\"Building Palace A3-71, Tunis, Tunisia\"\n\t\t\t\t\taria-label=\"Building Palace A3-71, Tunis, Tunisia\"\n\t\t\t><\/iframe>\n\t\t<\/div>\n\t\t\t\t\t\t<\/div>\n\t\t\t\t<\/div>\n\t\t\t\t<\/div>\n\t\t<div class=\"elementor-element elementor-element-3b969fc e-flex e-con-boxed e-con e-parent\" data-id=\"3b969fc\" data-element_type=\"container\">\n\t\t\t\t\t<div class=\"e-con-inner\">\n\t\t\t\t<div class=\"elementor-element elementor-element-d03f9e5 elementor-widget elementor-widget-spacer\" data-id=\"d03f9e5\" data-element_type=\"widget\" data-widget_type=\"spacer.default\">\n\t\t\t\t<div class=\"elementor-widget-container\">\n\t\t\t\t\t\t\t<div class=\"elementor-spacer\">\n\t\t\t<div class=\"elementor-spacer-inner\"><\/div>\n\t\t<\/div>\n\t\t\t\t\t\t<\/div>\n\t\t\t\t<\/div>\n\t\t<div class=\"elementor-element elementor-element-e9b940c e-flex e-con-boxed e-con e-child\" data-id=\"e9b940c\" data-element_type=\"container\">\n\t\t\t\t\t<div class=\"e-con-inner\">\n\t\t\t\t<div class=\"elementor-element elementor-element-3b0b3dc acenter elementor-widget__width-initial elementor-widget elementor-widget-wgl-double-heading\" data-id=\"3b0b3dc\" data-element_type=\"widget\" data-widget_type=\"wgl-double-heading.default\">\n\t\t\t\t<div class=\"elementor-widget-container\">\n\t\t\t\t\t<div class=\"wgl-double-heading\"><h3 class=\"dblh__title-wrapper\"><span class=\"dblh__title dblh__title-1\">Let's turn your vision into reality.\n\n\n\n\n\n\n\n\n\n<\/span><\/h3><\/div>\t\t\t\t<\/div>\n\t\t\t\t<\/div>\n\t\t\t\t<div class=\"elementor-element elementor-element-4d2c273 elementor-widget elementor-widget-spacer\" data-id=\"4d2c273\" data-element_type=\"widget\" data-widget_type=\"spacer.default\">\n\t\t\t\t<div class=\"elementor-widget-container\">\n\t\t\t\t\t\t\t<div class=\"elementor-spacer\">\n\t\t\t<div class=\"elementor-spacer-inner\"><\/div>\n\t\t<\/div>\n\t\t\t\t\t\t<\/div>\n\t\t\t\t<\/div>\n\t\t\t\t<div class=\"elementor-element elementor-element-3d4cd21 elementor-widget elementor-widget-text-editor\" data-id=\"3d4cd21\" data-element_type=\"widget\" data-widget_type=\"text-editor.default\">\n\t\t\t\t<div class=\"elementor-widget-container\">\n\t\t\t\t\t\t\t\t\t<p>Your email address will not be published. Required fields are marked with*<\/p>\t\t\t\t\t\t\t\t<\/div>\n\t\t\t\t<\/div>\n\t\t\t\t<div class=\"elementor-element elementor-element-adb3cca elementor-widget elementor-widget-spacer\" data-id=\"adb3cca\" data-element_type=\"widget\" data-widget_type=\"spacer.default\">\n\t\t\t\t<div class=\"elementor-widget-container\">\n\t\t\t\t\t\t\t<div class=\"elementor-spacer\">\n\t\t\t<div class=\"elementor-spacer-inner\"><\/div>\n\t\t<\/div>\n\t\t\t\t\t\t<\/div>\n\t\t\t\t<\/div>\n\t\t\t\t\t<\/div>\n\t\t\t\t<\/div>\n\t\t\t\t\t<\/div>\n\t\t\t\t<\/div>\n\t\t\t\t<\/div>","protected":false},"excerpt":{"rendered":"<p>Nos contacts Get in Touch with Us Adresse Immeuble Le Palace A3-71, Tunis, Tunisia T\u00e9l\u00e9phone (+216) 52 294 141 Horaires de Travail Lundi &#8211; Vendredi: 8:00 &#8211; 18:00 pinterest linkedin [&hellip;]<\/p>","protected":false},"author":1,"featured_media":0,"parent":0,"menu_order":0,"comment_status":"closed","ping_status":"closed","template":"","meta":{"footnotes":""},"class_list":["post-78","page","type-page","status-publish","hentry"],"yoast_head":"<!-- This site is optimized with the Yoast SEO Premium plugin v24.5 (Yoast SEO v25.7) - https:\/\/yoast.com\/wordpress\/plugins\/seo\/ -->\n<title>Contacts - Aswell Studio<\/title>\n<meta name=\"description\" content=\"Besoin d\u2019un devis, d\u2019une information ou d\u2019un partenariat ? Contactez l\u2019\u00e9quipe AswellStudio, nous vous r\u00e9pondrons rapidement.\" \/>\n<meta name=\"robots\" content=\"index, follow, max-snippet:-1, max-image-preview:large, max-video-preview:-1\" \/>\n<link rel=\"canonical\" href=\"https:\/\/aswellstudio.com\/en\/contacts\/\" \/>\n<meta property=\"og:locale\" content=\"en_US\" \/>\n<meta property=\"og:type\" content=\"article\" \/>\n<meta property=\"og:title\" content=\"Contacts\" \/>\n<meta property=\"og:description\" content=\"Besoin d\u2019un devis, d\u2019une information ou d\u2019un partenariat ? Contactez l\u2019\u00e9quipe AswellStudio, nous vous r\u00e9pondrons rapidement.\" \/>\n<meta property=\"og:url\" content=\"https:\/\/aswellstudio.com\/en\/contacts\/\" \/>\n<meta property=\"og:site_name\" content=\"Aswell Studio\" \/>\n<meta property=\"article:publisher\" content=\"https:\/\/www.facebook.com\/aswellstudio\" \/>\n<meta property=\"article:modified_time\" content=\"2025-07-23T15:14:24+00:00\" \/>\n<meta property=\"og:image\" content=\"https:\/\/aswellstudio.com\/wp-content\/uploads\/2025\/06\/Logo-Aswell-studio.png\" \/>\n\t<meta property=\"og:image:width\" content=\"1564\" \/>\n\t<meta property=\"og:image:height\" content=\"1564\" \/>\n\t<meta property=\"og:image:type\" content=\"image\/png\" \/>\n<meta name=\"twitter:card\" content=\"summary_large_image\" \/>\n<meta name=\"twitter:label1\" content=\"Est. reading time\" \/>\n\t<meta name=\"twitter:data1\" content=\"1 minute\" \/>\n<script type=\"application\/ld+json\" class=\"yoast-schema-graph\">{\"@context\":\"https:\/\/schema.org\",\"@graph\":[{\"@type\":\"WebPage\",\"@id\":\"https:\/\/aswellstudio.com\/contacts\/\",\"url\":\"https:\/\/aswellstudio.com\/contacts\/\",\"name\":\"Contacts - Aswell Studio\",\"isPartOf\":{\"@id\":\"https:\/\/aswellstudio.com\/#website\"},\"datePublished\":\"2023-12-25T11:58:08+00:00\",\"dateModified\":\"2025-07-23T15:14:24+00:00\",\"description\":\"Besoin d\u2019un devis, d\u2019une information ou d\u2019un partenariat ? Contactez l\u2019\u00e9quipe AswellStudio, nous vous r\u00e9pondrons rapidement.\",\"breadcrumb\":{\"@id\":\"https:\/\/aswellstudio.com\/contacts\/#breadcrumb\"},\"inLanguage\":\"en-US\",\"potentialAction\":[{\"@type\":\"ReadAction\",\"target\":[\"https:\/\/aswellstudio.com\/contacts\/\"]}]},{\"@type\":\"BreadcrumbList\",\"@id\":\"https:\/\/aswellstudio.com\/contacts\/#breadcrumb\",\"itemListElement\":[{\"@type\":\"ListItem\",\"position\":1,\"name\":\"Home\",\"item\":\"https:\/\/aswellstudio.com\/\"},{\"@type\":\"ListItem\",\"position\":2,\"name\":\"Contacts\"}]},{\"@type\":\"WebSite\",\"@id\":\"https:\/\/aswellstudio.com\/#website\",\"url\":\"https:\/\/aswellstudio.com\/\",\"name\":\"Aswell Studio\",\"description\":\"Agence Digitale en Tunisie\",\"publisher\":{\"@id\":\"https:\/\/aswellstudio.com\/#organization\"},\"potentialAction\":[{\"@type\":\"SearchAction\",\"target\":{\"@type\":\"EntryPoint\",\"urlTemplate\":\"https:\/\/aswellstudio.com\/?s={search_term_string}\"},\"query-input\":{\"@type\":\"PropertyValueSpecification\",\"valueRequired\":true,\"valueName\":\"search_term_string\"}}],\"inLanguage\":\"en-US\"},{\"@type\":\"Organization\",\"@id\":\"https:\/\/aswellstudio.com\/#organization\",\"name\":\"Aswell Studio\",\"url\":\"https:\/\/aswellstudio.com\/\",\"logo\":{\"@type\":\"ImageObject\",\"inLanguage\":\"en-US\",\"@id\":\"https:\/\/aswellstudio.com\/#\/schema\/logo\/image\/\",\"url\":\"https:\/\/aswellstudio.com\/wp-content\/uploads\/2025\/06\/Logo-Aswell-studio.png\",\"contentUrl\":\"https:\/\/aswellstudio.com\/wp-content\/uploads\/2025\/06\/Logo-Aswell-studio.png\",\"width\":1564,\"height\":1564,\"caption\":\"Aswell Studio\"},\"image\":{\"@id\":\"https:\/\/aswellstudio.com\/#\/schema\/logo\/image\/\"},\"sameAs\":[\"https:\/\/www.facebook.com\/aswellstudio\",\"https:\/\/www.instagram.com\/aswellstudio\/\",\"https:\/\/www.tiktok.com\/@aswellstudio\",\"https:\/\/www.youtube.com\/@Aswellstudio\",\"https:\/\/www.linkedin.com\/company\/aswellstudio\/\",\"https:\/\/fr.pinterest.com\/AswellStudio\/\"],\"description\":\"Notre agence est une entreprise cr\u00e9ative ax\u00e9e sur la technologie, sp\u00e9cialis\u00e9e dans la fourniture d\u2019une large gamme de services de design graphique, d\u00e9veloppement web et mobile \u00e0 ses clients.\",\"email\":\"contact@aswellstudio.com\",\"telephone\":\"(+216) 52 294 141\",\"legalName\":\"AS WELL STUDIO\",\"foundingDate\":\"2024-10-28\",\"vatID\":\"1893489M\/A\/M\/000\",\"numberOfEmployees\":{\"@type\":\"QuantitativeValue\",\"minValue\":\"1\",\"maxValue\":\"10\"}}]}<\/script>\n<!-- \/ Yoast SEO Premium plugin. -->","yoast_head_json":{"title":"Contacts - Aswell Studio","description":"Besoin d\u2019un devis, d\u2019une information ou d\u2019un partenariat ? Contactez l\u2019\u00e9quipe AswellStudio, nous vous r\u00e9pondrons rapidement.","robots":{"index":"index","follow":"follow","max-snippet":"max-snippet:-1","max-image-preview":"max-image-preview:large","max-video-preview":"max-video-preview:-1"},"canonical":"https:\/\/aswellstudio.com\/en\/contacts\/","og_locale":"en_US","og_type":"article","og_title":"Contacts","og_description":"Besoin d\u2019un devis, d\u2019une information ou d\u2019un partenariat ? Contactez l\u2019\u00e9quipe AswellStudio, nous vous r\u00e9pondrons rapidement.","og_url":"https:\/\/aswellstudio.com\/en\/contacts\/","og_site_name":"Aswell Studio","article_publisher":"https:\/\/www.facebook.com\/aswellstudio","article_modified_time":"2025-07-23T15:14:24+00:00","og_image":[{"width":1564,"height":1564,"url":"https:\/\/aswellstudio.com\/wp-content\/uploads\/2025\/06\/Logo-Aswell-studio.png","type":"image\/png"}],"twitter_card":"summary_large_image","twitter_misc":{"Est. reading time":"1 minute"},"schema":{"@context":"https:\/\/schema.org","@graph":[{"@type":"WebPage","@id":"https:\/\/aswellstudio.com\/contacts\/","url":"https:\/\/aswellstudio.com\/contacts\/","name":"Contacts - Aswell Studio","isPartOf":{"@id":"https:\/\/aswellstudio.com\/#website"},"datePublished":"2023-12-25T11:58:08+00:00","dateModified":"2025-07-23T15:14:24+00:00","description":"Besoin d\u2019un devis, d\u2019une information ou d\u2019un partenariat ? Contactez l\u2019\u00e9quipe AswellStudio, nous vous r\u00e9pondrons rapidement.","breadcrumb":{"@id":"https:\/\/aswellstudio.com\/contacts\/#breadcrumb"},"inLanguage":"en-US","potentialAction":[{"@type":"ReadAction","target":["https:\/\/aswellstudio.com\/contacts\/"]}]},{"@type":"BreadcrumbList","@id":"https:\/\/aswellstudio.com\/contacts\/#breadcrumb","itemListElement":[{"@type":"ListItem","position":1,"name":"Home","item":"https:\/\/aswellstudio.com\/"},{"@type":"ListItem","position":2,"name":"Contacts"}]},{"@type":"WebSite","@id":"https:\/\/aswellstudio.com\/#website","url":"https:\/\/aswellstudio.com\/","name":"Aswell Studio","description":"Agence Digitale en Tunisie","publisher":{"@id":"https:\/\/aswellstudio.com\/#organization"},"potentialAction":[{"@type":"SearchAction","target":{"@type":"EntryPoint","urlTemplate":"https:\/\/aswellstudio.com\/?s={search_term_string}"},"query-input":{"@type":"PropertyValueSpecification","valueRequired":true,"valueName":"search_term_string"}}],"inLanguage":"en-US"},{"@type":"Organization","@id":"https:\/\/aswellstudio.com\/#organization","name":"Aswell Studio","url":"https:\/\/aswellstudio.com\/","logo":{"@type":"ImageObject","inLanguage":"en-US","@id":"https:\/\/aswellstudio.com\/#\/schema\/logo\/image\/","url":"https:\/\/aswellstudio.com\/wp-content\/uploads\/2025\/06\/Logo-Aswell-studio.png","contentUrl":"https:\/\/aswellstudio.com\/wp-content\/uploads\/2025\/06\/Logo-Aswell-studio.png","width":1564,"height":1564,"caption":"Aswell Studio"},"image":{"@id":"https:\/\/aswellstudio.com\/#\/schema\/logo\/image\/"},"sameAs":["https:\/\/www.facebook.com\/aswellstudio","https:\/\/www.instagram.com\/aswellstudio\/","https:\/\/www.tiktok.com\/@aswellstudio","https:\/\/www.youtube.com\/@Aswellstudio","https:\/\/www.linkedin.com\/company\/aswellstudio\/","https:\/\/fr.pinterest.com\/AswellStudio\/"],"description":"Our agency is a technology-driven creative company specializing in providing a wide range of graphic design, web, and mobile development services to its clients.","email":"contact@aswellstudio.com","telephone":"(+216) 52 294 141","legalName":"AS WELL STUDIO","foundingDate":"2024-10-28","vatID":"1893489M\/A\/M\/000","numberOfEmployees":{"@type":"QuantitativeValue","minValue":"1","maxValue":"10"}}]}},"_links":{"self":[{"href":"https:\/\/aswellstudio.com\/en\/wp-json\/wp\/v2\/pages\/78","targetHints":{"allow":["GET"]}}],"collection":[{"href":"https:\/\/aswellstudio.com\/en\/wp-json\/wp\/v2\/pages"}],"about":[{"href":"https:\/\/aswellstudio.com\/en\/wp-json\/wp\/v2\/types\/page"}],"author":[{"embeddable":true,"href":"https:\/\/aswellstudio.com\/en\/wp-json\/wp\/v2\/users\/1"}],"replies":[{"embeddable":true,"href":"https:\/\/aswellstudio.com\/en\/wp-json\/wp\/v2\/comments?post=78"}],"version-history":[{"count":0,"href":"https:\/\/aswellstudio.com\/en\/wp-json\/wp\/v2\/pages\/78\/revisions"}],"wp:attachment":[{"href":"https:\/\/aswellstudio.com\/en\/wp-json\/wp\/v2\/media?parent=78"}],"curies":[{"name":"wp","href":"https:\/\/api.w.org\/{rel}","templated":true}]}}