{"id":4052,"date":"2025-06-28T14:16:57","date_gmt":"2025-06-28T13:16:57","guid":{"rendered":"https:\/\/aswellstudio.com\/?post_type=product&#038;p=4052"},"modified":"2025-06-28T14:45:30","modified_gmt":"2025-06-28T13:45:30","slug":"pack-start-site-cle-en-main","status":"publish","type":"product","link":"https:\/\/aswellstudio.com\/en\/product\/pack-start-site-cle-en-main\/","title":{"rendered":"START Pack \"Turnkey Website\""},"content":{"rendered":"<p data-start=\"212\" data-end=\"490\" class=\"translation-block\">The <strong data-start=\"215\" data-end=\"229\">START Pack<\/strong> is designed for entrepreneurs, freelancers, artisans, or small businesses who want a professional, fast, and effective online presence. It\u2019s a complete solution to get started on the web with a modern, scalable, and well-optimized website.<\/p>\n<hr data-start=\"492\" data-end=\"495\" \/>\n<h4 data-start=\"497\" data-end=\"539\">\u2705 <strong data-start=\"504\" data-end=\"539\">What the START Pack includes:<\/strong><\/h4>\n<ul data-start=\"541\" data-end=\"1529\">\n<li data-start=\"541\" data-end=\"658\">\n<p data-start=\"543\" data-end=\"658\"><strong data-start=\"543\" data-end=\"595\">Creation of a website with 5 customized pages<\/strong><br data-start=\"595\" data-end=\"598\" \/>(examples: Home, About, Services, Gallery, Contact)<\/p>\n<\/li>\n<li data-start=\"660\" data-end=\"806\">\n<p data-start=\"662\" data-end=\"806\"><strong data-start=\"662\" data-end=\"700\">Intuitive admin console<\/strong><br data-start=\"700\" data-end=\"703\" \/>Easily manage your texts, images, and content yourself through a user-friendly interface.<\/p>\n<\/li>\n<li data-start=\"808\" data-end=\"1001\">\n<p data-start=\"810\" data-end=\"1001\"><strong data-start=\"810\" data-end=\"870\">Professional hosting + Domain name included (1 year)*<\/strong><br data-start=\"870\" data-end=\"873\" \/>Enjoy a high-performance, secure hosting solution with your own domain name (e.g.: <a data-start=\"976\" data-end=\"999\" rel=\"noopener\" target=\"_new\" class=\"\" href=\"http:\/\/www.votreentreprise.com\">http:\/\/www.yourcompany.com<\/a>).<\/p>\n<\/li>\n<li data-start=\"1003\" data-end=\"1180\">\n<p data-start=\"1005\" data-end=\"1180\"><strong data-start=\"1005\" data-end=\"1045\">Professional design &amp; scalable website<\/strong><br data-start=\"1045\" data-end=\"1048\" \/>a modern, responsive look (mobile\/tablet friendly) and scalable according to your future needs (adding pages, features, etc.).<\/p>\n<\/li>\n<li data-start=\"1182\" data-end=\"1394\">\n<p data-start=\"1184\" data-end=\"1394\"><strong data-start=\"1184\" data-end=\"1215\">Integration of your content<\/strong><br data-start=\"1215\" data-end=\"1218\" \/>you provide us with your texts and images, and we integrate them into the site (up to 5 pages).\nOption: professional content writing available upon request.<br data-start=\"1313\" data-end=\"1316\" \/><em data-start=\"1318\" data-end=\"1394\">Option : r\u00e9daction professionnelle de vos contenus disponible sur demande.<\/em><\/p>\n<\/li>\n<li data-start=\"1396\" data-end=\"1529\">\n<p data-start=\"1398\" data-end=\"1529\"><strong data-start=\"1398\" data-end=\"1426\">Unlimited number of pages<\/strong><br data-start=\"1426\" data-end=\"1429\" \/>You will be able to add as many pages as you like via your interface after delivery.<\/p>\n<\/li>\n<\/ul>\n<hr data-start=\"1531\" data-end=\"1534\" \/>\n<h4 data-start=\"1536\" data-end=\"1582\">\ud83c\udf10 <strong data-start=\"1544\" data-end=\"1582\">Search engine optimization (SEO) included<\/strong><\/h4>\n<ul data-start=\"1584\" data-end=\"1804\">\n<li data-start=\"1584\" data-end=\"1660\">\n<p data-start=\"1586\" data-end=\"1660\">Optimization of the site structure (titles, tags, meta descriptions\u2026)<\/p>\n<\/li>\n<li data-start=\"1661\" data-end=\"1697\">\n<p data-start=\"1663\" data-end=\"1697\">Insertion of relevant keywords<\/p>\n<\/li>\n<li data-start=\"1698\" data-end=\"1729\">\n<p data-start=\"1700\" data-end=\"1729\">Readable and structured URLs<\/p>\n<\/li>\n<li data-start=\"1730\" data-end=\"1804\">\n<p data-start=\"1732\" data-end=\"1804\">Fast and well-structured site for better ranking on Google<\/p>\n<\/li>\n<\/ul>\n<hr data-start=\"1806\" data-end=\"1809\" \/>\n<h3 data-start=\"1811\" data-end=\"1850\">\ud83c\udfaf Why choose the START Pack?<\/h3>\n<ul data-start=\"1852\" data-end=\"2118\">\n<li data-start=\"1852\" data-end=\"1923\">\n<p data-start=\"1854\" data-end=\"1923\" class=\"translation-block\">A <strong>turnkey solution<\/strong> to launch your business online<\/p>\n<\/li>\n<li data-start=\"1924\" data-end=\"1978\">\n<p data-start=\"1926\" data-end=\"1978\" class=\"translation-block\">A <strong>professional, aesthetic, and functional website<\/strong><\/p>\n<\/li>\n<li data-start=\"1979\" data-end=\"2047\">\n<p data-start=\"1981\" data-end=\"2047\" class=\"translation-block\">A solid and <strong>scalable<\/strong> foundation to support your growth<\/p>\n<\/li>\n<li data-start=\"2048\" data-end=\"2118\">\n<p data-start=\"2050\" data-end=\"2118\" class=\"translation-block\"><strong>Optimized SEO<\/strong> to boost your online visibility<\/p>\n<\/li>\n<\/ul>\n<hr data-start=\"2120\" data-end=\"2123\" \/>\n<p data-start=\"2125\" data-end=\"2250\">\ud83d\udca1 <em data-start=\"2128\" data-end=\"2250\">Ideal for entrepreneurs who want to launch quickly with a controlled budget, without compromising on quality.<\/em><\/p>","protected":false},"excerpt":{"rendered":"<p><strong data-start=\"144\" data-end=\"183\">START Pack \u2013 Professional Website<\/strong><br data-start=\"183\" data-end=\"186\" \/>A showcase website of:<\/p>\n<ul>\n<li>5 turnkey pages with hosting<\/li>\n<li>Domain name<\/li>\n<li>Design pro<\/li>\n<li>SEO and management console<\/li>\n<li>Scalable and ready to boost your online presence!<\/li>\n<\/ul>","protected":false},"featured_media":4054,"comment_status":"open","ping_status":"closed","template":"","meta":[],"product_brand":[],"product_cat":[62],"product_tag":[64,65,66,63],"class_list":{"0":"post-4052","1":"product","2":"type-product","3":"status-publish","4":"has-post-thumbnail","6":"product_cat-packs","7":"product_tag-pack","8":"product_tag-site","9":"product_tag-site-e-commerce","10":"product_tag-site-vitrine","12":"first","13":"instock","14":"shipping-taxable","15":"purchasable","16":"product-type-simple"},"yoast_head":"<!-- This site is optimized with the Yoast SEO Premium plugin v24.5 (Yoast SEO v25.7) - https:\/\/yoast.com\/wordpress\/plugins\/seo\/ -->\n<title>Pack START \u00ab\u202fSite Cl\u00e9 en Main\u202f\u00bb - Aswell Studio<\/title>\n<meta name=\"robots\" content=\"index, follow, max-snippet:-1, max-image-preview:large, max-video-preview:-1\" \/>\n<link rel=\"canonical\" href=\"https:\/\/aswellstudio.com\/en\/product\/pack-start-site-cle-en-main\/\" \/>\n<meta property=\"og:locale\" content=\"en_US\" \/>\n<meta property=\"og:type\" content=\"article\" \/>\n<meta property=\"og:title\" content=\"Pack START \u00ab\u202fSite Cl\u00e9 en Main\u202f\u00bb\" \/>\n<meta property=\"og:description\" content=\"Pack START \u2013 Site Web ProfessionnelUn site vitrine de:   5 pages cl\u00e9 en main avec h\u00e9bergement  Nom de domaine  Design pro  R\u00e9f\u00e9rencement naturel et console de gestion  \u00c9volutif et pr\u00eat \u00e0 booster votre pr\u00e9sence en ligne !\" \/>\n<meta property=\"og:url\" content=\"https:\/\/aswellstudio.com\/en\/product\/pack-start-site-cle-en-main\/\" \/>\n<meta property=\"og:site_name\" content=\"Aswell Studio\" \/>\n<meta property=\"article:publisher\" content=\"https:\/\/www.facebook.com\/aswellstudio\" \/>\n<meta property=\"article:modified_time\" content=\"2025-06-28T13:45:30+00:00\" \/>\n<meta property=\"og:image\" content=\"https:\/\/aswellstudio.com\/wp-content\/uploads\/2025\/06\/site-vitrine.png\" \/>\n\t<meta property=\"og:image:width\" content=\"1080\" \/>\n\t<meta property=\"og:image:height\" content=\"1080\" \/>\n\t<meta property=\"og:image:type\" content=\"image\/png\" \/>\n<meta name=\"twitter:card\" content=\"summary_large_image\" \/>\n<meta name=\"twitter:label1\" content=\"Est. reading time\" \/>\n\t<meta name=\"twitter:data1\" content=\"1 minute\" \/>\n<script type=\"application\/ld+json\" class=\"yoast-schema-graph\">{\"@context\":\"https:\/\/schema.org\",\"@graph\":[{\"@type\":\"WebPage\",\"@id\":\"https:\/\/aswellstudio.com\/product\/pack-start-site-cle-en-main\/\",\"url\":\"https:\/\/aswellstudio.com\/product\/pack-start-site-cle-en-main\/\",\"name\":\"Pack START \u00ab\u202fSite Cl\u00e9 en Main\u202f\u00bb - Aswell Studio\",\"isPartOf\":{\"@id\":\"https:\/\/aswellstudio.com\/#website\"},\"primaryImageOfPage\":{\"@id\":\"https:\/\/aswellstudio.com\/product\/pack-start-site-cle-en-main\/#primaryimage\"},\"image\":{\"@id\":\"https:\/\/aswellstudio.com\/product\/pack-start-site-cle-en-main\/#primaryimage\"},\"thumbnailUrl\":\"https:\/\/aswellstudio.com\/wp-content\/uploads\/2025\/06\/site-vitrine.png\",\"datePublished\":\"2025-06-28T13:16:57+00:00\",\"dateModified\":\"2025-06-28T13:45:30+00:00\",\"breadcrumb\":{\"@id\":\"https:\/\/aswellstudio.com\/product\/pack-start-site-cle-en-main\/#breadcrumb\"},\"inLanguage\":\"en-US\",\"potentialAction\":[{\"@type\":\"ReadAction\",\"target\":[\"https:\/\/aswellstudio.com\/product\/pack-start-site-cle-en-main\/\"]}]},{\"@type\":\"ImageObject\",\"inLanguage\":\"en-US\",\"@id\":\"https:\/\/aswellstudio.com\/product\/pack-start-site-cle-en-main\/#primaryimage\",\"url\":\"https:\/\/aswellstudio.com\/wp-content\/uploads\/2025\/06\/site-vitrine.png\",\"contentUrl\":\"https:\/\/aswellstudio.com\/wp-content\/uploads\/2025\/06\/site-vitrine.png\",\"width\":1080,\"height\":1080},{\"@type\":\"BreadcrumbList\",\"@id\":\"https:\/\/aswellstudio.com\/product\/pack-start-site-cle-en-main\/#breadcrumb\",\"itemListElement\":[{\"@type\":\"ListItem\",\"position\":1,\"name\":\"Home\",\"item\":\"https:\/\/aswellstudio.com\/\"},{\"@type\":\"ListItem\",\"position\":2,\"name\":\"Shop\",\"item\":\"https:\/\/aswellstudio.com\/shop\/\"},{\"@type\":\"ListItem\",\"position\":3,\"name\":\"Pack START \u00ab\u202fSite Cl\u00e9 en Main\u202f\u00bb\"}]},{\"@type\":\"WebSite\",\"@id\":\"https:\/\/aswellstudio.com\/#website\",\"url\":\"https:\/\/aswellstudio.com\/\",\"name\":\"Aswell Studio\",\"description\":\"Agence Digitale en Tunisie\",\"publisher\":{\"@id\":\"https:\/\/aswellstudio.com\/#organization\"},\"potentialAction\":[{\"@type\":\"SearchAction\",\"target\":{\"@type\":\"EntryPoint\",\"urlTemplate\":\"https:\/\/aswellstudio.com\/?s={search_term_string}\"},\"query-input\":{\"@type\":\"PropertyValueSpecification\",\"valueRequired\":true,\"valueName\":\"search_term_string\"}}],\"inLanguage\":\"en-US\"},{\"@type\":\"Organization\",\"@id\":\"https:\/\/aswellstudio.com\/#organization\",\"name\":\"Aswell Studio\",\"url\":\"https:\/\/aswellstudio.com\/\",\"logo\":{\"@type\":\"ImageObject\",\"inLanguage\":\"en-US\",\"@id\":\"https:\/\/aswellstudio.com\/#\/schema\/logo\/image\/\",\"url\":\"https:\/\/aswellstudio.com\/wp-content\/uploads\/2025\/06\/Logo-Aswell-studio.png\",\"contentUrl\":\"https:\/\/aswellstudio.com\/wp-content\/uploads\/2025\/06\/Logo-Aswell-studio.png\",\"width\":1564,\"height\":1564,\"caption\":\"Aswell Studio\"},\"image\":{\"@id\":\"https:\/\/aswellstudio.com\/#\/schema\/logo\/image\/\"},\"sameAs\":[\"https:\/\/www.facebook.com\/aswellstudio\",\"https:\/\/www.instagram.com\/aswellstudio\/\",\"https:\/\/www.tiktok.com\/@aswellstudio\",\"https:\/\/www.youtube.com\/@Aswellstudio\",\"https:\/\/www.linkedin.com\/company\/aswellstudio\/\",\"https:\/\/fr.pinterest.com\/AswellStudio\/\"],\"description\":\"Notre agence est une entreprise cr\u00e9ative ax\u00e9e sur la technologie, sp\u00e9cialis\u00e9e dans la fourniture d\u2019une large gamme de services de design graphique, d\u00e9veloppement web et mobile \u00e0 ses clients.\",\"email\":\"contact@aswellstudio.com\",\"telephone\":\"(+216) 52 294 141\",\"legalName\":\"AS WELL STUDIO\",\"foundingDate\":\"2024-10-28\",\"vatID\":\"1893489M\/A\/M\/000\",\"numberOfEmployees\":{\"@type\":\"QuantitativeValue\",\"minValue\":\"1\",\"maxValue\":\"10\"}}]}<\/script>\n<!-- \/ Yoast SEO Premium plugin. -->","yoast_head_json":{"title":"Pack START \u00ab\u202fSite Cl\u00e9 en Main\u202f\u00bb - Aswell Studio","robots":{"index":"index","follow":"follow","max-snippet":"max-snippet:-1","max-image-preview":"max-image-preview:large","max-video-preview":"max-video-preview:-1"},"canonical":"https:\/\/aswellstudio.com\/en\/product\/pack-start-site-cle-en-main\/","og_locale":"en_US","og_type":"article","og_title":"Pack START \u00ab\u202fSite Cl\u00e9 en Main\u202f\u00bb","og_description":"Pack START \u2013 Site Web ProfessionnelUn site vitrine de:   5 pages cl\u00e9 en main avec h\u00e9bergement  Nom de domaine  Design pro  R\u00e9f\u00e9rencement naturel et console de gestion  \u00c9volutif et pr\u00eat \u00e0 booster votre pr\u00e9sence en ligne !","og_url":"https:\/\/aswellstudio.com\/en\/product\/pack-start-site-cle-en-main\/","og_site_name":"Aswell Studio","article_publisher":"https:\/\/www.facebook.com\/aswellstudio","article_modified_time":"2025-06-28T13:45:30+00:00","og_image":[{"width":1080,"height":1080,"url":"https:\/\/aswellstudio.com\/wp-content\/uploads\/2025\/06\/site-vitrine.png","type":"image\/png"}],"twitter_card":"summary_large_image","twitter_misc":{"Est. reading time":"1 minute"},"schema":{"@context":"https:\/\/schema.org","@graph":[{"@type":"WebPage","@id":"https:\/\/aswellstudio.com\/product\/pack-start-site-cle-en-main\/","url":"https:\/\/aswellstudio.com\/product\/pack-start-site-cle-en-main\/","name":"Pack START \u00ab\u202fSite Cl\u00e9 en Main\u202f\u00bb - Aswell Studio","isPartOf":{"@id":"https:\/\/aswellstudio.com\/#website"},"primaryImageOfPage":{"@id":"https:\/\/aswellstudio.com\/product\/pack-start-site-cle-en-main\/#primaryimage"},"image":{"@id":"https:\/\/aswellstudio.com\/product\/pack-start-site-cle-en-main\/#primaryimage"},"thumbnailUrl":"https:\/\/aswellstudio.com\/wp-content\/uploads\/2025\/06\/site-vitrine.png","datePublished":"2025-06-28T13:16:57+00:00","dateModified":"2025-06-28T13:45:30+00:00","breadcrumb":{"@id":"https:\/\/aswellstudio.com\/product\/pack-start-site-cle-en-main\/#breadcrumb"},"inLanguage":"en-US","potentialAction":[{"@type":"ReadAction","target":["https:\/\/aswellstudio.com\/product\/pack-start-site-cle-en-main\/"]}]},{"@type":"ImageObject","inLanguage":"en-US","@id":"https:\/\/aswellstudio.com\/product\/pack-start-site-cle-en-main\/#primaryimage","url":"https:\/\/aswellstudio.com\/wp-content\/uploads\/2025\/06\/site-vitrine.png","contentUrl":"https:\/\/aswellstudio.com\/wp-content\/uploads\/2025\/06\/site-vitrine.png","width":1080,"height":1080},{"@type":"BreadcrumbList","@id":"https:\/\/aswellstudio.com\/product\/pack-start-site-cle-en-main\/#breadcrumb","itemListElement":[{"@type":"ListItem","position":1,"name":"Home","item":"https:\/\/aswellstudio.com\/"},{"@type":"ListItem","position":2,"name":"Shop","item":"https:\/\/aswellstudio.com\/shop\/"},{"@type":"ListItem","position":3,"name":"Pack START \u00ab\u202fSite Cl\u00e9 en Main\u202f\u00bb"}]},{"@type":"WebSite","@id":"https:\/\/aswellstudio.com\/#website","url":"https:\/\/aswellstudio.com\/","name":"Aswell Studio","description":"Agence Digitale en Tunisie","publisher":{"@id":"https:\/\/aswellstudio.com\/#organization"},"potentialAction":[{"@type":"SearchAction","target":{"@type":"EntryPoint","urlTemplate":"https:\/\/aswellstudio.com\/?s={search_term_string}"},"query-input":{"@type":"PropertyValueSpecification","valueRequired":true,"valueName":"search_term_string"}}],"inLanguage":"en-US"},{"@type":"Organization","@id":"https:\/\/aswellstudio.com\/#organization","name":"Aswell Studio","url":"https:\/\/aswellstudio.com\/","logo":{"@type":"ImageObject","inLanguage":"en-US","@id":"https:\/\/aswellstudio.com\/#\/schema\/logo\/image\/","url":"https:\/\/aswellstudio.com\/wp-content\/uploads\/2025\/06\/Logo-Aswell-studio.png","contentUrl":"https:\/\/aswellstudio.com\/wp-content\/uploads\/2025\/06\/Logo-Aswell-studio.png","width":1564,"height":1564,"caption":"Aswell Studio"},"image":{"@id":"https:\/\/aswellstudio.com\/#\/schema\/logo\/image\/"},"sameAs":["https:\/\/www.facebook.com\/aswellstudio","https:\/\/www.instagram.com\/aswellstudio\/","https:\/\/www.tiktok.com\/@aswellstudio","https:\/\/www.youtube.com\/@Aswellstudio","https:\/\/www.linkedin.com\/company\/aswellstudio\/","https:\/\/fr.pinterest.com\/AswellStudio\/"],"description":"Our agency is a technology-driven creative company specializing in providing a wide range of graphic design, web, and mobile development services to its clients.","email":"contact@aswellstudio.com","telephone":"(+216) 52 294 141","legalName":"AS WELL STUDIO","foundingDate":"2024-10-28","vatID":"1893489M\/A\/M\/000","numberOfEmployees":{"@type":"QuantitativeValue","minValue":"1","maxValue":"10"}}]}},"_links":{"self":[{"href":"https:\/\/aswellstudio.com\/en\/wp-json\/wp\/v2\/product\/4052","targetHints":{"allow":["GET"]}}],"collection":[{"href":"https:\/\/aswellstudio.com\/en\/wp-json\/wp\/v2\/product"}],"about":[{"href":"https:\/\/aswellstudio.com\/en\/wp-json\/wp\/v2\/types\/product"}],"replies":[{"embeddable":true,"href":"https:\/\/aswellstudio.com\/en\/wp-json\/wp\/v2\/comments?post=4052"}],"wp:featuredmedia":[{"embeddable":true,"href":"https:\/\/aswellstudio.com\/en\/wp-json\/wp\/v2\/media\/4054"}],"wp:attachment":[{"href":"https:\/\/aswellstudio.com\/en\/wp-json\/wp\/v2\/media?parent=4052"}],"wp:term":[{"taxonomy":"product_brand","embeddable":true,"href":"https:\/\/aswellstudio.com\/en\/wp-json\/wp\/v2\/product_brand?post=4052"},{"taxonomy":"product_cat","embeddable":true,"href":"https:\/\/aswellstudio.com\/en\/wp-json\/wp\/v2\/product_cat?post=4052"},{"taxonomy":"product_tag","embeddable":true,"href":"https:\/\/aswellstudio.com\/en\/wp-json\/wp\/v2\/product_tag?post=4052"}],"curies":[{"name":"wp","href":"https:\/\/api.w.org\/{rel}","templated":true}]}}